{"id":6121,"date":"2023-03-19T00:18:20","date_gmt":"2023-03-18T23:18:20","guid":{"rendered":"https:\/\/masilaparfum.com\/?post_type=product&#038;p=6121"},"modified":"2024-08-14T16:00:30","modified_gmt":"2024-08-14T15:00:30","slug":"tom-ford-cafe-rose","status":"publish","type":"product","link":"https:\/\/masilaparfum.com\/index.php\/product\/tom-ford-cafe-rose\/","title":{"rendered":"Tom Ford CAFE ROSE 100ml"},"content":{"rendered":"<h2 style=\"text-align: center;\"><em><strong>L&rsquo;Eau de Parfum Caf\u00e9 Rose<\/strong><\/em><\/h2>\n<p style=\"text-align: center;\"><strong>L&rsquo;Eau de Parfum Caf\u00e9 Rose, s\u00e9duisante, pr\u00e9sente des fleurs classiques et bois\u00e9es.<\/strong><strong><br \/>\nCaptivante, Exotique, Sensuelle.<br \/>\nFamille olfactive : Florale.<br \/>\nTrois pr\u00e9cieuses essences de rose dansent avec des \u00e9pices exotiques et du caf\u00e9 noir.<br \/>\nLe safran et le poivre noir incitent les fleurs serr\u00e9es de la rose de mai \u00e0 se d\u00e9ployer. Puis, le c\u0153ur luxuriant et satur\u00e9 de la pr\u00e9cieuse huile de rose turque et de l&rsquo;absolue de rose bulgare cr\u00e9e une brume enveloppante et narcotique &#8211; jusqu&rsquo;\u00e0 ce qu&rsquo;une morsure taquine d&rsquo;essence de caf\u00e9 coupe la romance et r\u00e9veille la passion des derviches. La r\u00e9sine d&rsquo;encens, l&rsquo;ambre, le santal et le patchouli entourent cette danse d&rsquo;une profondeur sensuelle et cr\u00e9meuse.<\/strong><\/p>\n","protected":false},"excerpt":{"rendered":"<h2 style=\"text-align: center;\"><em><strong>L&rsquo;Eau de Parfum Caf\u00e9 Rose<\/strong><\/em><\/h2>\n<p style=\"text-align: center;\"><strong>L&rsquo;Eau de Parfum Caf\u00e9 Rose, s\u00e9duisante, pr\u00e9sente des fleurs classiques et bois\u00e9es.<\/strong><strong><br \/>\nCaptivante, Exotique, Sensuelle.<br \/>\nFamille olfactive : Florale.<br \/>\nTrois pr\u00e9cieuses essences de rose dansent avec des \u00e9pices exotiques et du caf\u00e9 noir.<br \/>\nLe safran et le poivre noir incitent les fleurs serr\u00e9es de la rose de mai \u00e0 se d\u00e9ployer. Puis, le c\u0153ur luxuriant et satur\u00e9 de la pr\u00e9cieuse huile de rose turque et de l&rsquo;absolue de rose bulgare cr\u00e9e une brume enveloppante et narcotique &#8211; jusqu&rsquo;\u00e0 ce qu&rsquo;une morsure taquine d&rsquo;essence de caf\u00e9 coupe la romance et r\u00e9veille la passion des derviches. La r\u00e9sine d&rsquo;encens, l&rsquo;ambre, le santal et le patchouli entourent cette danse d&rsquo;une profondeur sensuelle et cr\u00e9meuse.<\/strong><\/p>\n","protected":false},"featured_media":6122,"comment_status":"closed","ping_status":"closed","template":"","meta":{"_uag_custom_page_level_css":"","site-sidebar-layout":"default","site-content-layout":"default","ast-site-content-layout":"","site-content-style":"default","site-sidebar-style":"default","ast-global-header-display":"","ast-banner-title-visibility":"","ast-main-header-display":"","ast-hfb-above-header-display":"","ast-hfb-below-header-display":"","ast-hfb-mobile-header-display":"","site-post-title":"","ast-breadcrumbs-content":"","ast-featured-img":"","footer-sml-layout":"","theme-transparent-header-meta":"default","adv-header-id-meta":"","stick-header-meta":"","header-above-stick-meta":"","header-main-stick-meta":"","header-below-stick-meta":"","astra-migrate-meta-layouts":"default","ast-page-background-enabled":"default","ast-page-background-meta":{"desktop":{"background-color":"","background-image":"","background-repeat":"repeat","background-position":"center center","background-size":"auto","background-attachment":"scroll","background-type":"","background-media":"","overlay-type":"","overlay-color":"","overlay-opacity":"","overlay-gradient":""},"tablet":{"background-color":"","background-image":"","background-repeat":"repeat","background-position":"center center","background-size":"auto","background-attachment":"scroll","background-type":"","background-media":"","overlay-type":"","overlay-color":"","overlay-opacity":"","overlay-gradient":""},"mobile":{"background-color":"","background-image":"","background-repeat":"repeat","background-position":"center center","background-size":"auto","background-attachment":"scroll","background-type":"","background-media":"","overlay-type":"","overlay-color":"","overlay-opacity":"","overlay-gradient":""}},"ast-content-background-meta":{"desktop":{"background-color":"var(--ast-global-color-5)","background-image":"","background-repeat":"repeat","background-position":"center center","background-size":"auto","background-attachment":"scroll","background-type":"","background-media":"","overlay-type":"","overlay-color":"","overlay-opacity":"","overlay-gradient":""},"tablet":{"background-color":"var(--ast-global-color-5)","background-image":"","background-repeat":"repeat","background-position":"center center","background-size":"auto","background-attachment":"scroll","background-type":"","background-media":"","overlay-type":"","overlay-color":"","overlay-opacity":"","overlay-gradient":""},"mobile":{"background-color":"var(--ast-global-color-5)","background-image":"","background-repeat":"repeat","background-position":"center center","background-size":"auto","background-attachment":"scroll","background-type":"","background-media":"","overlay-type":"","overlay-color":"","overlay-opacity":"","overlay-gradient":""}}},"product_cat":[59,60,62],"product_tag":[],"class_list":{"0":"post-6121","1":"product","2":"type-product","3":"status-publish","4":"has-post-thumbnail","6":"product_cat-parfumfemme","7":"product_cat-parfumhomme","8":"product_cat-parfum-unisex","9":"desktop-align-center","10":"tablet-align-left","11":"mobile-align-center","13":"first","14":"outofstock","15":"shipping-taxable","16":"purchasable","17":"product-type-simple"},"uagb_featured_image_src":{"full":["https:\/\/masilaparfum.com\/wp-content\/uploads\/2023\/03\/cafe-rose-eau-de-parfum-unisex-100-ml-143290.jpeg",800,800,false],"thumbnail":["https:\/\/masilaparfum.com\/wp-content\/uploads\/2023\/03\/cafe-rose-eau-de-parfum-unisex-100-ml-143290-150x150.jpeg",150,150,true],"medium":["https:\/\/masilaparfum.com\/wp-content\/uploads\/2023\/03\/cafe-rose-eau-de-parfum-unisex-100-ml-143290-300x300.jpeg",300,300,true],"medium_large":["https:\/\/masilaparfum.com\/wp-content\/uploads\/2023\/03\/cafe-rose-eau-de-parfum-unisex-100-ml-143290-768x768.jpeg",768,768,true],"large":["https:\/\/masilaparfum.com\/wp-content\/uploads\/2023\/03\/cafe-rose-eau-de-parfum-unisex-100-ml-143290.jpeg",800,800,false],"1536x1536":["https:\/\/masilaparfum.com\/wp-content\/uploads\/2023\/03\/cafe-rose-eau-de-parfum-unisex-100-ml-143290.jpeg",800,800,false],"2048x2048":["https:\/\/masilaparfum.com\/wp-content\/uploads\/2023\/03\/cafe-rose-eau-de-parfum-unisex-100-ml-143290.jpeg",800,800,false],"mailpoet_newsletter_max":["https:\/\/masilaparfum.com\/wp-content\/uploads\/2023\/03\/cafe-rose-eau-de-parfum-unisex-100-ml-143290.jpeg",800,800,false],"woocommerce_thumbnail":["https:\/\/masilaparfum.com\/wp-content\/uploads\/2023\/03\/cafe-rose-eau-de-parfum-unisex-100-ml-143290-300x300.jpeg",300,300,true],"woocommerce_single":["https:\/\/masilaparfum.com\/wp-content\/uploads\/2023\/03\/cafe-rose-eau-de-parfum-unisex-100-ml-143290-600x600.jpeg",600,600,true],"woocommerce_gallery_thumbnail":["https:\/\/masilaparfum.com\/wp-content\/uploads\/2023\/03\/cafe-rose-eau-de-parfum-unisex-100-ml-143290-100x100.jpeg",100,100,true],"wcpr-photo-reviews":["https:\/\/masilaparfum.com\/wp-content\/uploads\/2023\/03\/cafe-rose-eau-de-parfum-unisex-100-ml-143290.jpeg",500,500,false]},"uagb_author_info":{"display_name":"masilaparfum","author_link":"https:\/\/masilaparfum.com\/index.php\/author\/"},"uagb_comment_info":0,"uagb_excerpt":"L'Eau de Parfum Caf\u00e9 Rose L'Eau de Parfum Caf\u00e9 Rose, s\u00e9duisante, pr\u00e9sente des fleurs classiques et bois\u00e9es. Captivante, Exotique, Sensuelle. Famille olfactive : Florale. Trois pr\u00e9cieuses essences de rose dansent avec des \u00e9pices exotiques et du caf\u00e9 noir. Le safran et le poivre noir incitent les fleurs serr\u00e9es de la rose de mai \u00e0 se\u2026","_links":{"self":[{"href":"https:\/\/masilaparfum.com\/index.php\/wp-json\/wp\/v2\/product\/6121","targetHints":{"allow":["GET"]}}],"collection":[{"href":"https:\/\/masilaparfum.com\/index.php\/wp-json\/wp\/v2\/product"}],"about":[{"href":"https:\/\/masilaparfum.com\/index.php\/wp-json\/wp\/v2\/types\/product"}],"replies":[{"embeddable":true,"href":"https:\/\/masilaparfum.com\/index.php\/wp-json\/wp\/v2\/comments?post=6121"}],"wp:featuredmedia":[{"embeddable":true,"href":"https:\/\/masilaparfum.com\/index.php\/wp-json\/wp\/v2\/media\/6122"}],"wp:attachment":[{"href":"https:\/\/masilaparfum.com\/index.php\/wp-json\/wp\/v2\/media?parent=6121"}],"wp:term":[{"taxonomy":"product_cat","embeddable":true,"href":"https:\/\/masilaparfum.com\/index.php\/wp-json\/wp\/v2\/product_cat?post=6121"},{"taxonomy":"product_tag","embeddable":true,"href":"https:\/\/masilaparfum.com\/index.php\/wp-json\/wp\/v2\/product_tag?post=6121"}],"curies":[{"name":"wp","href":"https:\/\/api.w.org\/{rel}","templated":true}]}}