{"id":6104,"date":"2023-03-18T18:11:38","date_gmt":"2023-03-18T17:11:38","guid":{"rendered":"https:\/\/masilaparfum.com\/?post_type=product&#038;p=6104"},"modified":"2025-02-18T19:12:15","modified_gmt":"2025-02-18T18:12:15","slug":"oud-silk-mood-70ml","status":"publish","type":"product","link":"https:\/\/masilaparfum.com\/index.php\/product\/oud-silk-mood-70ml\/","title":{"rendered":"Oud Silk Mood 70ml"},"content":{"rendered":"<p style=\"text-align: center\"><strong>Oud silk mood eau de parfum Maison Francis Kurkdjian revisite le parfum soyeux et enveloppant avec une grande intensit\u00e9. Le parfum floral bois\u00e9 \u00e9voque le doux bruissement de la soie avec une sensation de p\u00e9tale de rose. Bord\u00e9 d&rsquo;absolu de rose de Bulgarie, de papyrus et de camomille bleue, le bois de oud du Laos prend son envol avec douceur et \u00e9l\u00e9gance. L&rsquo;extrait de parfum OUD silk mood est un parfum l\u00e9ger et voluptueux.<\/strong><\/p>\n<p style=\"text-align: center\"><strong>Notes de t\u00eate : Accord de violette, g\u00e9ranium, cannelle de Ceylan<br \/>\nNotes de coeur : Essence de rose de Turquie, Rose de mai<br \/>\n<\/strong><strong>Notes de fond : Accord de vanille et d&rsquo;ambre\u00a0<\/strong><\/p>\n<p style=\"text-align: center\"><strong>PARFUM TESTEUR<\/strong><\/p>\n<p style=\"text-align: center\"><strong>QUALITE GARANTIE<\/strong><\/p>\n","protected":false},"excerpt":{"rendered":"<p style=\"text-align: center\"><strong>Oud silk mood un Parfum Unisex pour Homme et Femme<\/strong><\/p>\n<p style=\"text-align: center\">Oud silk mood eau de parfum Maison Francis Kurkdjian revisite le parfum soyeux et enveloppant avec une grande intensit\u00e9.<\/p>\n<p style=\"text-align: center\">Le parfum floral bois\u00e9 \u00e9voque le doux bruissement de la soie avec une sensation de p\u00e9tale de rose.<\/p>\n","protected":false},"featured_media":6107,"comment_status":"open","ping_status":"closed","template":"","meta":{"_uag_custom_page_level_css":"","site-sidebar-layout":"default","site-content-layout":"default","ast-site-content-layout":"","site-content-style":"default","site-sidebar-style":"default","ast-global-header-display":"","ast-banner-title-visibility":"","ast-main-header-display":"","ast-hfb-above-header-display":"","ast-hfb-below-header-display":"","ast-hfb-mobile-header-display":"","site-post-title":"","ast-breadcrumbs-content":"","ast-featured-img":"","footer-sml-layout":"","theme-transparent-header-meta":"default","adv-header-id-meta":"","stick-header-meta":"","header-above-stick-meta":"","header-main-stick-meta":"","header-below-stick-meta":"","astra-migrate-meta-layouts":"default","ast-page-background-enabled":"default","ast-page-background-meta":{"desktop":{"background-color":"","background-image":"","background-repeat":"repeat","background-position":"center center","background-size":"auto","background-attachment":"scroll","background-type":"","background-media":"","overlay-type":"","overlay-color":"","overlay-opacity":"","overlay-gradient":""},"tablet":{"background-color":"","background-image":"","background-repeat":"repeat","background-position":"center center","background-size":"auto","background-attachment":"scroll","background-type":"","background-media":"","overlay-type":"","overlay-color":"","overlay-opacity":"","overlay-gradient":""},"mobile":{"background-color":"","background-image":"","background-repeat":"repeat","background-position":"center center","background-size":"auto","background-attachment":"scroll","background-type":"","background-media":"","overlay-type":"","overlay-color":"","overlay-opacity":"","overlay-gradient":""}},"ast-content-background-meta":{"desktop":{"background-color":"var(--ast-global-color-5)","background-image":"","background-repeat":"repeat","background-position":"center center","background-size":"auto","background-attachment":"scroll","background-type":"","background-media":"","overlay-type":"","overlay-color":"","overlay-opacity":"","overlay-gradient":""},"tablet":{"background-color":"var(--ast-global-color-5)","background-image":"","background-repeat":"repeat","background-position":"center center","background-size":"auto","background-attachment":"scroll","background-type":"","background-media":"","overlay-type":"","overlay-color":"","overlay-opacity":"","overlay-gradient":""},"mobile":{"background-color":"var(--ast-global-color-5)","background-image":"","background-repeat":"repeat","background-position":"center center","background-size":"auto","background-attachment":"scroll","background-type":"","background-media":"","overlay-type":"","overlay-color":"","overlay-opacity":"","overlay-gradient":""}}},"product_cat":[59,60,62],"product_tag":[],"class_list":{"0":"post-6104","1":"product","2":"type-product","3":"status-publish","4":"has-post-thumbnail","6":"product_cat-parfumfemme","7":"product_cat-parfumhomme","8":"product_cat-parfum-unisex","9":"desktop-align-center","10":"tablet-align-left","11":"mobile-align-center","13":"first","14":"outofstock","15":"sale","16":"shipping-taxable","17":"purchasable","18":"product-type-simple"},"uagb_featured_image_src":{"full":["https:\/\/masilaparfum.com\/wp-content\/uploads\/2023\/03\/rwas3cv1lunc.jpeg",600,600,false],"thumbnail":["https:\/\/masilaparfum.com\/wp-content\/uploads\/2023\/03\/rwas3cv1lunc-150x150.jpeg",150,150,true],"medium":["https:\/\/masilaparfum.com\/wp-content\/uploads\/2023\/03\/rwas3cv1lunc-300x300.jpeg",300,300,true],"medium_large":["https:\/\/masilaparfum.com\/wp-content\/uploads\/2023\/03\/rwas3cv1lunc.jpeg",600,600,false],"large":["https:\/\/masilaparfum.com\/wp-content\/uploads\/2023\/03\/rwas3cv1lunc.jpeg",600,600,false],"1536x1536":["https:\/\/masilaparfum.com\/wp-content\/uploads\/2023\/03\/rwas3cv1lunc.jpeg",600,600,false],"2048x2048":["https:\/\/masilaparfum.com\/wp-content\/uploads\/2023\/03\/rwas3cv1lunc.jpeg",600,600,false],"mailpoet_newsletter_max":["https:\/\/masilaparfum.com\/wp-content\/uploads\/2023\/03\/rwas3cv1lunc.jpeg",600,600,false],"woocommerce_thumbnail":["https:\/\/masilaparfum.com\/wp-content\/uploads\/2023\/03\/rwas3cv1lunc-300x300.jpeg",300,300,true],"woocommerce_single":["https:\/\/masilaparfum.com\/wp-content\/uploads\/2023\/03\/rwas3cv1lunc.jpeg",600,600,false],"woocommerce_gallery_thumbnail":["https:\/\/masilaparfum.com\/wp-content\/uploads\/2023\/03\/rwas3cv1lunc-100x100.jpeg",100,100,true],"wcpr-photo-reviews":["https:\/\/masilaparfum.com\/wp-content\/uploads\/2023\/03\/rwas3cv1lunc.jpeg",500,500,false]},"uagb_author_info":{"display_name":"masilaparfum","author_link":"https:\/\/masilaparfum.com\/index.php\/author\/"},"uagb_comment_info":0,"uagb_excerpt":"Oud silk mood un Parfum Unisex pour Homme et Femme Oud silk mood eau de parfum Maison Francis Kurkdjian revisite le parfum soyeux et enveloppant avec une grande intensit\u00e9. Le parfum floral bois\u00e9 \u00e9voque le doux bruissement de la soie avec une sensation de p\u00e9tale de rose.","_links":{"self":[{"href":"https:\/\/masilaparfum.com\/index.php\/wp-json\/wp\/v2\/product\/6104","targetHints":{"allow":["GET"]}}],"collection":[{"href":"https:\/\/masilaparfum.com\/index.php\/wp-json\/wp\/v2\/product"}],"about":[{"href":"https:\/\/masilaparfum.com\/index.php\/wp-json\/wp\/v2\/types\/product"}],"replies":[{"embeddable":true,"href":"https:\/\/masilaparfum.com\/index.php\/wp-json\/wp\/v2\/comments?post=6104"}],"wp:featuredmedia":[{"embeddable":true,"href":"https:\/\/masilaparfum.com\/index.php\/wp-json\/wp\/v2\/media\/6107"}],"wp:attachment":[{"href":"https:\/\/masilaparfum.com\/index.php\/wp-json\/wp\/v2\/media?parent=6104"}],"wp:term":[{"taxonomy":"product_cat","embeddable":true,"href":"https:\/\/masilaparfum.com\/index.php\/wp-json\/wp\/v2\/product_cat?post=6104"},{"taxonomy":"product_tag","embeddable":true,"href":"https:\/\/masilaparfum.com\/index.php\/wp-json\/wp\/v2\/product_tag?post=6104"}],"curies":[{"name":"wp","href":"https:\/\/api.w.org\/{rel}","templated":true}]}}