{"id":6064,"date":"2023-03-18T16:41:14","date_gmt":"2023-03-18T15:41:14","guid":{"rendered":"https:\/\/masilaparfum.com\/?post_type=product&#038;p=6064"},"modified":"2024-11-09T18:06:08","modified_gmt":"2024-11-09T17:06:08","slug":"oud-wood-100ml","status":"publish","type":"product","link":"https:\/\/masilaparfum.com\/index.php\/product\/oud-wood-100ml\/","title":{"rendered":"Tom Ford OUD WOOD100ml"},"content":{"rendered":"<h2 style=\"text-align: center;\"><em><strong>TOM FORD OUD WOOD\u00a0<\/strong><\/em><\/h2>\n<p style=\"text-align: center;\"><em>Parfum Unisex\u00a0<\/em><\/p>\n<p style=\"text-align: center;\">Oud Wood est l&rsquo;un des ingr\u00e9dients les plus rares, les plus pr\u00e9cieux et les plus chers dans l&rsquo;arsenal de la parfumerie.<\/p>\n<p style=\"text-align: center;\">Le bois de rose exotique et la cardamone donnent un m\u00e9lange fum\u00e9 du rare bois de oud, du bois de sandal et du v\u00e9tiver.<\/p>\n<p style=\"text-align: center;\">La f\u00e8ve de Tonka et l&rsquo;ambre ajoutent de la chaleur et de la sensualit\u00e9.<\/p>\n<p style=\"text-align: center;\"><strong>\u00a0<\/strong><\/p>\n","protected":false},"excerpt":{"rendered":"<p>TOM FORD OUD WOOD\u00a0 Parfum Unisex\u00a0 Oud Wood est l&rsquo;un des ingr\u00e9dients les plus rares, les plus pr\u00e9cieux et les plus chers dans l&rsquo;arsenal de la parfumerie. Le bois de rose exotique et la cardamone donnent un m\u00e9lange fum\u00e9 du rare bois de oud, du bois de sandal et du v\u00e9tiver. La f\u00e8ve de Tonka [&hellip;]<\/p>\n","protected":false},"featured_media":6131,"comment_status":"closed","ping_status":"closed","template":"","meta":{"_uag_custom_page_level_css":"","site-sidebar-layout":"default","site-content-layout":"default","ast-site-content-layout":"default","site-content-style":"default","site-sidebar-style":"default","ast-global-header-display":"","ast-banner-title-visibility":"","ast-main-header-display":"","ast-hfb-above-header-display":"","ast-hfb-below-header-display":"","ast-hfb-mobile-header-display":"","site-post-title":"","ast-breadcrumbs-content":"","ast-featured-img":"","footer-sml-layout":"","theme-transparent-header-meta":"default","adv-header-id-meta":"","stick-header-meta":"","header-above-stick-meta":"","header-main-stick-meta":"","header-below-stick-meta":"","astra-migrate-meta-layouts":"set","ast-page-background-enabled":"default","ast-page-background-meta":{"desktop":{"background-color":"","background-image":"","background-repeat":"repeat","background-position":"center center","background-size":"auto","background-attachment":"scroll","background-type":"","background-media":"","overlay-type":"","overlay-color":"","overlay-opacity":"","overlay-gradient":""},"tablet":{"background-color":"","background-image":"","background-repeat":"repeat","background-position":"center center","background-size":"auto","background-attachment":"scroll","background-type":"","background-media":"","overlay-type":"","overlay-color":"","overlay-opacity":"","overlay-gradient":""},"mobile":{"background-color":"","background-image":"","background-repeat":"repeat","background-position":"center center","background-size":"auto","background-attachment":"scroll","background-type":"","background-media":"","overlay-type":"","overlay-color":"","overlay-opacity":"","overlay-gradient":""}},"ast-content-background-meta":{"desktop":{"background-color":"var(--ast-global-color-5)","background-image":"","background-repeat":"repeat","background-position":"center center","background-size":"auto","background-attachment":"scroll","background-type":"","background-media":"","overlay-type":"","overlay-color":"","overlay-opacity":"","overlay-gradient":""},"tablet":{"background-color":"var(--ast-global-color-5)","background-image":"","background-repeat":"repeat","background-position":"center center","background-size":"auto","background-attachment":"scroll","background-type":"","background-media":"","overlay-type":"","overlay-color":"","overlay-opacity":"","overlay-gradient":""},"mobile":{"background-color":"var(--ast-global-color-5)","background-image":"","background-repeat":"repeat","background-position":"center center","background-size":"auto","background-attachment":"scroll","background-type":"","background-media":"","overlay-type":"","overlay-color":"","overlay-opacity":"","overlay-gradient":""}}},"product_cat":[59,60,62],"product_tag":[],"class_list":{"0":"post-6064","1":"product","2":"type-product","3":"status-publish","4":"has-post-thumbnail","6":"product_cat-parfumfemme","7":"product_cat-parfumhomme","8":"product_cat-parfum-unisex","9":"desktop-align-center","10":"tablet-align-left","11":"mobile-align-center","13":"first","14":"instock","15":"shipping-taxable","16":"purchasable","17":"product-type-simple"},"uagb_featured_image_src":{"full":["https:\/\/masilaparfum.com\/wp-content\/uploads\/2023\/03\/telechargement-1.jpeg",800,1067,false],"thumbnail":["https:\/\/masilaparfum.com\/wp-content\/uploads\/2023\/03\/telechargement-1-150x150.jpeg",150,150,true],"medium":["https:\/\/masilaparfum.com\/wp-content\/uploads\/2023\/03\/telechargement-1-300x300.jpeg",300,300,true],"medium_large":["https:\/\/masilaparfum.com\/wp-content\/uploads\/2023\/03\/telechargement-1-768x768.jpeg",768,768,true],"large":["https:\/\/masilaparfum.com\/wp-content\/uploads\/2023\/03\/telechargement-1-800x1024.jpeg",800,1024,true],"1536x1536":["https:\/\/masilaparfum.com\/wp-content\/uploads\/2023\/03\/telechargement-1.jpeg",800,1067,false],"2048x2048":["https:\/\/masilaparfum.com\/wp-content\/uploads\/2023\/03\/telechargement-1.jpeg",800,1067,false],"mailpoet_newsletter_max":["https:\/\/masilaparfum.com\/wp-content\/uploads\/2023\/03\/telechargement-1.jpeg",800,1067,false],"woocommerce_thumbnail":["https:\/\/masilaparfum.com\/wp-content\/uploads\/2023\/03\/telechargement-1-300x300.jpeg",300,300,true],"woocommerce_single":["https:\/\/masilaparfum.com\/wp-content\/uploads\/2023\/03\/telechargement-1-600x800.jpeg",600,800,true],"woocommerce_gallery_thumbnail":["https:\/\/masilaparfum.com\/wp-content\/uploads\/2023\/03\/telechargement-1-100x100.jpeg",100,100,true],"wcpr-photo-reviews":["https:\/\/masilaparfum.com\/wp-content\/uploads\/2023\/03\/telechargement-1.jpeg",375,500,false]},"uagb_author_info":{"display_name":"masilaparfum","author_link":"https:\/\/masilaparfum.com\/index.php\/author\/"},"uagb_comment_info":0,"uagb_excerpt":"TOM FORD OUD WOOD\u00a0 Parfum Unisex\u00a0 Oud Wood est l&rsquo;un des ingr\u00e9dients les plus rares, les plus pr\u00e9cieux et les plus chers dans l&rsquo;arsenal de la parfumerie. Le bois de rose exotique et la cardamone donnent un m\u00e9lange fum\u00e9 du rare bois de oud, du bois de sandal et du v\u00e9tiver. La f\u00e8ve de Tonka\u2026","_links":{"self":[{"href":"https:\/\/masilaparfum.com\/index.php\/wp-json\/wp\/v2\/product\/6064","targetHints":{"allow":["GET"]}}],"collection":[{"href":"https:\/\/masilaparfum.com\/index.php\/wp-json\/wp\/v2\/product"}],"about":[{"href":"https:\/\/masilaparfum.com\/index.php\/wp-json\/wp\/v2\/types\/product"}],"replies":[{"embeddable":true,"href":"https:\/\/masilaparfum.com\/index.php\/wp-json\/wp\/v2\/comments?post=6064"}],"wp:featuredmedia":[{"embeddable":true,"href":"https:\/\/masilaparfum.com\/index.php\/wp-json\/wp\/v2\/media\/6131"}],"wp:attachment":[{"href":"https:\/\/masilaparfum.com\/index.php\/wp-json\/wp\/v2\/media?parent=6064"}],"wp:term":[{"taxonomy":"product_cat","embeddable":true,"href":"https:\/\/masilaparfum.com\/index.php\/wp-json\/wp\/v2\/product_cat?post=6064"},{"taxonomy":"product_tag","embeddable":true,"href":"https:\/\/masilaparfum.com\/index.php\/wp-json\/wp\/v2\/product_tag?post=6064"}],"curies":[{"name":"wp","href":"https:\/\/api.w.org\/{rel}","templated":true}]}}