{"id":5343,"date":"2023-03-15T18:32:37","date_gmt":"2023-03-15T17:32:37","guid":{"rendered":"https:\/\/masilaparfum.com\/?post_type=product&#038;p=5343"},"modified":"2025-09-15T17:32:41","modified_gmt":"2025-09-15T16:32:41","slug":"giorgio-armani-prive-rouge-malachite-100-ml","status":"publish","type":"product","link":"https:\/\/masilaparfum.com\/index.php\/product\/giorgio-armani-prive-rouge-malachite-100-ml\/","title":{"rendered":"Armani priv\u00e9 Rouge 100ml"},"content":{"rendered":"<div class=\"single-description fr-view truncate show\">\n<p style=\"text-align: center\"><strong>Rouge Malachite rend hommage \u00e0 la beaut\u00e9 des femmes russes et \u00e0 la force de leur temp\u00e9rament.<\/strong><\/p>\n<p><strong>Rouge Malachite nous transporte au c\u0153ur d\u2019un univers incandescent, o\u00f9 la tub\u00e9reuse r\u00e9v\u00e8le son opulence et sa volupt\u00e9. L&rsquo;Asbolu de Tub\u00e9reuse, d\u00e9licate fleur en forme de cloche, est connue pour sa fragrance sensuelle et cr\u00e9meuse. Elle cr\u00e9\u00e9e une tension entre chaleur et puissance d&rsquo;un c\u00f4t\u00e9, et fragilit\u00e9 et froideur de l&rsquo;autre.<\/strong><\/p>\n<p><strong>Un accord charnel aux tonalit\u00e9s exub\u00e9rantes qui navigue entre force et douceur.<\/strong><\/p>\n<p style=\"text-align: center\"><strong>QUALITE GARANTIE<\/strong><\/p>\n<\/div>\n","protected":false},"excerpt":{"rendered":"<p><strong>Rouge Malachite rend hommage \u00e0 la beaut\u00e9 des femmes russes et \u00e0 la force de leur temp\u00e9rament.<\/strong><strong><br \/>\n<\/strong><\/p>\n","protected":false},"featured_media":6919,"comment_status":"closed","ping_status":"closed","template":"","meta":{"_uag_custom_page_level_css":"","site-sidebar-layout":"default","site-content-layout":"default","ast-site-content-layout":"default","site-content-style":"default","site-sidebar-style":"default","ast-global-header-display":"","ast-banner-title-visibility":"","ast-main-header-display":"","ast-hfb-above-header-display":"","ast-hfb-below-header-display":"","ast-hfb-mobile-header-display":"","site-post-title":"","ast-breadcrumbs-content":"","ast-featured-img":"","footer-sml-layout":"","theme-transparent-header-meta":"default","adv-header-id-meta":"","stick-header-meta":"","header-above-stick-meta":"","header-main-stick-meta":"","header-below-stick-meta":"","astra-migrate-meta-layouts":"set","ast-page-background-enabled":"default","ast-page-background-meta":{"desktop":{"background-color":"","background-image":"","background-repeat":"repeat","background-position":"center center","background-size":"auto","background-attachment":"scroll","background-type":"","background-media":"","overlay-type":"","overlay-color":"","overlay-opacity":"","overlay-gradient":""},"tablet":{"background-color":"","background-image":"","background-repeat":"repeat","background-position":"center center","background-size":"auto","background-attachment":"scroll","background-type":"","background-media":"","overlay-type":"","overlay-color":"","overlay-opacity":"","overlay-gradient":""},"mobile":{"background-color":"","background-image":"","background-repeat":"repeat","background-position":"center center","background-size":"auto","background-attachment":"scroll","background-type":"","background-media":"","overlay-type":"","overlay-color":"","overlay-opacity":"","overlay-gradient":""}},"ast-content-background-meta":{"desktop":{"background-color":"var(--ast-global-color-5)","background-image":"","background-repeat":"repeat","background-position":"center center","background-size":"auto","background-attachment":"scroll","background-type":"","background-media":"","overlay-type":"","overlay-color":"","overlay-opacity":"","overlay-gradient":""},"tablet":{"background-color":"var(--ast-global-color-5)","background-image":"","background-repeat":"repeat","background-position":"center center","background-size":"auto","background-attachment":"scroll","background-type":"","background-media":"","overlay-type":"","overlay-color":"","overlay-opacity":"","overlay-gradient":""},"mobile":{"background-color":"var(--ast-global-color-5)","background-image":"","background-repeat":"repeat","background-position":"center center","background-size":"auto","background-attachment":"scroll","background-type":"","background-media":"","overlay-type":"","overlay-color":"","overlay-opacity":"","overlay-gradient":""}}},"product_cat":[59,60,62],"product_tag":[328],"class_list":{"0":"post-5343","1":"product","2":"type-product","3":"status-publish","4":"has-post-thumbnail","6":"product_cat-parfumfemme","7":"product_cat-parfumhomme","8":"product_cat-parfum-unisex","9":"product_tag-mh","10":"desktop-align-center","11":"tablet-align-left","12":"mobile-align-center","14":"first","15":"instock","16":"featured","17":"shipping-taxable","18":"purchasable","19":"product-type-simple"},"uagb_featured_image_src":{"full":["https:\/\/masilaparfum.com\/wp-content\/uploads\/2023\/03\/3614271063717_1_1652447272239-1.jpeg",1359,1860,false],"thumbnail":["https:\/\/masilaparfum.com\/wp-content\/uploads\/2023\/03\/3614271063717_1_1652447272239-1-150x150.jpeg",150,150,true],"medium":["https:\/\/masilaparfum.com\/wp-content\/uploads\/2023\/03\/3614271063717_1_1652447272239-1-300x300.jpeg",300,300,true],"medium_large":["https:\/\/masilaparfum.com\/wp-content\/uploads\/2023\/03\/3614271063717_1_1652447272239-1-768x768.jpeg",768,768,true],"large":["https:\/\/masilaparfum.com\/wp-content\/uploads\/2023\/03\/3614271063717_1_1652447272239-1-1024x1024.jpeg",1024,1024,true],"1536x1536":["https:\/\/masilaparfum.com\/wp-content\/uploads\/2023\/03\/3614271063717_1_1652447272239-1-1122x1536.jpeg",1122,1536,true],"2048x2048":["https:\/\/masilaparfum.com\/wp-content\/uploads\/2023\/03\/3614271063717_1_1652447272239-1.jpeg",1359,1860,false],"mailpoet_newsletter_max":["https:\/\/masilaparfum.com\/wp-content\/uploads\/2023\/03\/3614271063717_1_1652447272239-1-1320x1807.jpeg",1320,1807,true],"woocommerce_thumbnail":["https:\/\/masilaparfum.com\/wp-content\/uploads\/2023\/03\/3614271063717_1_1652447272239-1-300x300.jpeg",300,300,true],"woocommerce_single":["https:\/\/masilaparfum.com\/wp-content\/uploads\/2023\/03\/3614271063717_1_1652447272239-1-600x821.jpeg",600,821,true],"woocommerce_gallery_thumbnail":["https:\/\/masilaparfum.com\/wp-content\/uploads\/2023\/03\/3614271063717_1_1652447272239-1-100x100.jpeg",100,100,true],"wcpr-photo-reviews":["https:\/\/masilaparfum.com\/wp-content\/uploads\/2023\/03\/3614271063717_1_1652447272239-1.jpeg",365,500,false]},"uagb_author_info":{"display_name":"masilaparfum","author_link":"https:\/\/masilaparfum.com\/index.php\/author\/"},"uagb_comment_info":1,"uagb_excerpt":"Rouge Malachite rend hommage \u00e0 la beaut\u00e9 des femmes russes et \u00e0 la force de leur temp\u00e9rament.","_links":{"self":[{"href":"https:\/\/masilaparfum.com\/index.php\/wp-json\/wp\/v2\/product\/5343","targetHints":{"allow":["GET"]}}],"collection":[{"href":"https:\/\/masilaparfum.com\/index.php\/wp-json\/wp\/v2\/product"}],"about":[{"href":"https:\/\/masilaparfum.com\/index.php\/wp-json\/wp\/v2\/types\/product"}],"replies":[{"embeddable":true,"href":"https:\/\/masilaparfum.com\/index.php\/wp-json\/wp\/v2\/comments?post=5343"}],"wp:featuredmedia":[{"embeddable":true,"href":"https:\/\/masilaparfum.com\/index.php\/wp-json\/wp\/v2\/media\/6919"}],"wp:attachment":[{"href":"https:\/\/masilaparfum.com\/index.php\/wp-json\/wp\/v2\/media?parent=5343"}],"wp:term":[{"taxonomy":"product_cat","embeddable":true,"href":"https:\/\/masilaparfum.com\/index.php\/wp-json\/wp\/v2\/product_cat?post=5343"},{"taxonomy":"product_tag","embeddable":true,"href":"https:\/\/masilaparfum.com\/index.php\/wp-json\/wp\/v2\/product_tag?post=5343"}],"curies":[{"name":"wp","href":"https:\/\/api.w.org\/{rel}","templated":true}]}}