{"id":5317,"date":"2023-03-13T18:53:32","date_gmt":"2023-03-13T17:53:32","guid":{"rendered":"https:\/\/masilaparfum.com\/?post_type=product&#038;p=5317"},"modified":"2025-10-16T16:02:43","modified_gmt":"2025-10-16T15:02:43","slug":"armani-prive-vert-malachite-edp-100-ml","status":"publish","type":"product","link":"https:\/\/masilaparfum.com\/index.php\/product\/armani-prive-vert-malachite-edp-100-ml\/","title":{"rendered":"Armani Prive vert 100ml"},"content":{"rendered":"<h2 style=\"text-align: center\"><em><strong>Armani Prive vert 100ml<\/strong><\/em><\/h2>\n<p style=\"text-align: center\"><strong>Contrastes floraux<\/strong><strong><br \/>\n<\/strong><strong>Avec l&rsquo;eau de parfum Vert Malachite, Giorgio Armani recr\u00e9e l&rsquo;\u00e9nergie et les contrastes de son voyage \u00e0 travers la Russie. Le parfum du lys blanc, au c\u0153ur de cette cr\u00e9ation lumineuse, est infus\u00e9 de jasmin sambac et d&rsquo;ylang-ylang qui laissent dans leur sillage un m\u00e9lange de r\u00e9sines et d&rsquo;absolu de vanille.<\/strong><\/p>\n<p style=\"text-align: center\"><strong>\u00a0<\/strong><strong>PARFUM\u00a0<\/strong><\/p>\n<p style=\"text-align: center\"><strong>QUALITE GARANTIE<\/strong><\/p>\n","protected":false},"excerpt":{"rendered":"<p>Armani Prive vert 100ml Contrastes floraux Avec l&rsquo;eau de parfum Vert Malachite, Giorgio Armani recr\u00e9e l&rsquo;\u00e9nergie et les contrastes de son voyage \u00e0 travers la Russie. Le parfum du lys blanc, au c\u0153ur de cette cr\u00e9ation lumineuse, est infus\u00e9 de jasmin sambac et d&rsquo;ylang-ylang qui laissent dans leur sillage un m\u00e9lange de r\u00e9sines et d&rsquo;absolu [&hellip;]<\/p>\n","protected":false},"featured_media":8231,"comment_status":"open","ping_status":"closed","template":"","meta":{"_uag_custom_page_level_css":"","site-sidebar-layout":"default","site-content-layout":"default","ast-site-content-layout":"default","site-content-style":"default","site-sidebar-style":"default","ast-global-header-display":"","ast-banner-title-visibility":"","ast-main-header-display":"","ast-hfb-above-header-display":"","ast-hfb-below-header-display":"","ast-hfb-mobile-header-display":"","site-post-title":"","ast-breadcrumbs-content":"","ast-featured-img":"","footer-sml-layout":"","theme-transparent-header-meta":"default","adv-header-id-meta":"","stick-header-meta":"","header-above-stick-meta":"","header-main-stick-meta":"","header-below-stick-meta":"","astra-migrate-meta-layouts":"set","ast-page-background-enabled":"default","ast-page-background-meta":{"desktop":{"background-color":"","background-image":"","background-repeat":"repeat","background-position":"center center","background-size":"auto","background-attachment":"scroll","background-type":"","background-media":"","overlay-type":"","overlay-color":"","overlay-opacity":"","overlay-gradient":""},"tablet":{"background-color":"","background-image":"","background-repeat":"repeat","background-position":"center center","background-size":"auto","background-attachment":"scroll","background-type":"","background-media":"","overlay-type":"","overlay-color":"","overlay-opacity":"","overlay-gradient":""},"mobile":{"background-color":"","background-image":"","background-repeat":"repeat","background-position":"center center","background-size":"auto","background-attachment":"scroll","background-type":"","background-media":"","overlay-type":"","overlay-color":"","overlay-opacity":"","overlay-gradient":""}},"ast-content-background-meta":{"desktop":{"background-color":"var(--ast-global-color-5)","background-image":"","background-repeat":"repeat","background-position":"center center","background-size":"auto","background-attachment":"scroll","background-type":"","background-media":"","overlay-type":"","overlay-color":"","overlay-opacity":"","overlay-gradient":""},"tablet":{"background-color":"var(--ast-global-color-5)","background-image":"","background-repeat":"repeat","background-position":"center center","background-size":"auto","background-attachment":"scroll","background-type":"","background-media":"","overlay-type":"","overlay-color":"","overlay-opacity":"","overlay-gradient":""},"mobile":{"background-color":"var(--ast-global-color-5)","background-image":"","background-repeat":"repeat","background-position":"center center","background-size":"auto","background-attachment":"scroll","background-type":"","background-media":"","overlay-type":"","overlay-color":"","overlay-opacity":"","overlay-gradient":""}}},"product_cat":[59,60,62],"product_tag":[328],"class_list":{"0":"post-5317","1":"product","2":"type-product","3":"status-publish","4":"has-post-thumbnail","6":"product_cat-parfumfemme","7":"product_cat-parfumhomme","8":"product_cat-parfum-unisex","9":"product_tag-mh","10":"desktop-align-center","11":"tablet-align-left","12":"mobile-align-center","14":"first","15":"instock","16":"featured","17":"shipping-taxable","18":"purchasable","19":"product-type-simple"},"uagb_featured_image_src":{"full":["https:\/\/masilaparfum.com\/wp-content\/uploads\/2023\/03\/zoom-last-101783227-420x420-1.jpeg",420,420,false],"thumbnail":["https:\/\/masilaparfum.com\/wp-content\/uploads\/2023\/03\/zoom-last-101783227-420x420-1-150x150.jpeg",150,150,true],"medium":["https:\/\/masilaparfum.com\/wp-content\/uploads\/2023\/03\/zoom-last-101783227-420x420-1-300x300.jpeg",300,300,true],"medium_large":["https:\/\/masilaparfum.com\/wp-content\/uploads\/2023\/03\/zoom-last-101783227-420x420-1.jpeg",420,420,false],"large":["https:\/\/masilaparfum.com\/wp-content\/uploads\/2023\/03\/zoom-last-101783227-420x420-1.jpeg",420,420,false],"1536x1536":["https:\/\/masilaparfum.com\/wp-content\/uploads\/2023\/03\/zoom-last-101783227-420x420-1.jpeg",420,420,false],"2048x2048":["https:\/\/masilaparfum.com\/wp-content\/uploads\/2023\/03\/zoom-last-101783227-420x420-1.jpeg",420,420,false],"mailpoet_newsletter_max":["https:\/\/masilaparfum.com\/wp-content\/uploads\/2023\/03\/zoom-last-101783227-420x420-1.jpeg",420,420,false],"woocommerce_thumbnail":["https:\/\/masilaparfum.com\/wp-content\/uploads\/2023\/03\/zoom-last-101783227-420x420-1-300x300.jpeg",300,300,true],"woocommerce_single":["https:\/\/masilaparfum.com\/wp-content\/uploads\/2023\/03\/zoom-last-101783227-420x420-1.jpeg",420,420,false],"woocommerce_gallery_thumbnail":["https:\/\/masilaparfum.com\/wp-content\/uploads\/2023\/03\/zoom-last-101783227-420x420-1-100x100.jpeg",100,100,true],"wcpr-photo-reviews":["https:\/\/masilaparfum.com\/wp-content\/uploads\/2023\/03\/zoom-last-101783227-420x420-1.jpeg",420,420,false]},"uagb_author_info":{"display_name":"masilaparfum","author_link":"https:\/\/masilaparfum.com\/index.php\/author\/"},"uagb_comment_info":3,"uagb_excerpt":"Armani Prive vert 100ml Contrastes floraux Avec l&rsquo;eau de parfum Vert Malachite, Giorgio Armani recr\u00e9e l&rsquo;\u00e9nergie et les contrastes de son voyage \u00e0 travers la Russie. Le parfum du lys blanc, au c\u0153ur de cette cr\u00e9ation lumineuse, est infus\u00e9 de jasmin sambac et d&rsquo;ylang-ylang qui laissent dans leur sillage un m\u00e9lange de r\u00e9sines et d&rsquo;absolu\u2026","_links":{"self":[{"href":"https:\/\/masilaparfum.com\/index.php\/wp-json\/wp\/v2\/product\/5317","targetHints":{"allow":["GET"]}}],"collection":[{"href":"https:\/\/masilaparfum.com\/index.php\/wp-json\/wp\/v2\/product"}],"about":[{"href":"https:\/\/masilaparfum.com\/index.php\/wp-json\/wp\/v2\/types\/product"}],"replies":[{"embeddable":true,"href":"https:\/\/masilaparfum.com\/index.php\/wp-json\/wp\/v2\/comments?post=5317"}],"wp:featuredmedia":[{"embeddable":true,"href":"https:\/\/masilaparfum.com\/index.php\/wp-json\/wp\/v2\/media\/8231"}],"wp:attachment":[{"href":"https:\/\/masilaparfum.com\/index.php\/wp-json\/wp\/v2\/media?parent=5317"}],"wp:term":[{"taxonomy":"product_cat","embeddable":true,"href":"https:\/\/masilaparfum.com\/index.php\/wp-json\/wp\/v2\/product_cat?post=5317"},{"taxonomy":"product_tag","embeddable":true,"href":"https:\/\/masilaparfum.com\/index.php\/wp-json\/wp\/v2\/product_tag?post=5317"}],"curies":[{"name":"wp","href":"https:\/\/api.w.org\/{rel}","templated":true}]}}