{"id":12481,"date":"2026-02-11T17:10:46","date_gmt":"2026-02-11T16:10:46","guid":{"rendered":"https:\/\/masilaparfum.com\/?post_type=product&#038;p=12481"},"modified":"2026-02-11T17:24:19","modified_gmt":"2026-02-11T16:24:19","slug":"wanted-by-night-azzaro-pour-homme","status":"publish","type":"product","link":"https:\/\/masilaparfum.com\/index.php\/product\/wanted-by-night-azzaro-pour-homme\/","title":{"rendered":"Wanted by Night Azzaro ( pour homme ) 100ml"},"content":{"rendered":"<p style=\"text-align: center;\"><em><b>Wanted by Night<\/b>\u00a0de\u00a0<b>Azzaro<\/b> est un parfum Bois\u00e9 \u00c9pic\u00e9 pour homme.\u00a0\u00a0<\/em><\/p>\n<p style=\"text-align: center;\"><em> Les notes de t\u00eate sont Cannelle, Mandarine, Lavande et Citron; les notes de coeur sont Notes fruit\u00e9es, Encens, Cumin et Gen\u00e9vrier de Virginie; les notes de fond sont Tabac, Vanille, C\u00e8dre, Cuir, Benjoin, Iso E Super, Cypr\u00e8s et Patchouli.<\/em><\/p>\n","protected":false},"excerpt":{"rendered":"<p>Wanted by Night\u00a0de\u00a0Azzaro est un parfum Bois\u00e9 \u00c9pic\u00e9 pour homme.\u00a0\u00a0 Les notes de t\u00eate sont Cannelle, Mandarine, Lavande et Citron; les notes de coeur sont Notes fruit\u00e9es, Encens, Cumin et Gen\u00e9vrier de Virginie; les notes de fond sont Tabac, Vanille, C\u00e8dre, Cuir, Benjoin, Iso E Super, Cypr\u00e8s et Patchouli.<\/p>\n","protected":false},"featured_media":12482,"comment_status":"open","ping_status":"closed","template":"","meta":{"_uag_custom_page_level_css":"","site-sidebar-layout":"default","site-content-layout":"","ast-site-content-layout":"default","site-content-style":"default","site-sidebar-style":"default","ast-global-header-display":"","ast-banner-title-visibility":"","ast-main-header-display":"","ast-hfb-above-header-display":"","ast-hfb-below-header-display":"","ast-hfb-mobile-header-display":"","site-post-title":"","ast-breadcrumbs-content":"","ast-featured-img":"","footer-sml-layout":"","theme-transparent-header-meta":"default","adv-header-id-meta":"","stick-header-meta":"","header-above-stick-meta":"","header-main-stick-meta":"","header-below-stick-meta":"","astra-migrate-meta-layouts":"set","ast-page-background-enabled":"default","ast-page-background-meta":{"desktop":{"background-color":"","background-image":"","background-repeat":"repeat","background-position":"center center","background-size":"auto","background-attachment":"scroll","background-type":"","background-media":"","overlay-type":"","overlay-color":"","overlay-opacity":"","overlay-gradient":""},"tablet":{"background-color":"","background-image":"","background-repeat":"repeat","background-position":"center center","background-size":"auto","background-attachment":"scroll","background-type":"","background-media":"","overlay-type":"","overlay-color":"","overlay-opacity":"","overlay-gradient":""},"mobile":{"background-color":"","background-image":"","background-repeat":"repeat","background-position":"center center","background-size":"auto","background-attachment":"scroll","background-type":"","background-media":"","overlay-type":"","overlay-color":"","overlay-opacity":"","overlay-gradient":""}},"ast-content-background-meta":{"desktop":{"background-color":"var(--ast-global-color-5)","background-image":"","background-repeat":"repeat","background-position":"center center","background-size":"auto","background-attachment":"scroll","background-type":"","background-media":"","overlay-type":"","overlay-color":"","overlay-opacity":"","overlay-gradient":""},"tablet":{"background-color":"var(--ast-global-color-5)","background-image":"","background-repeat":"repeat","background-position":"center center","background-size":"auto","background-attachment":"scroll","background-type":"","background-media":"","overlay-type":"","overlay-color":"","overlay-opacity":"","overlay-gradient":""},"mobile":{"background-color":"var(--ast-global-color-5)","background-image":"","background-repeat":"repeat","background-position":"center center","background-size":"auto","background-attachment":"scroll","background-type":"","background-media":"","overlay-type":"","overlay-color":"","overlay-opacity":"","overlay-gradient":""}}},"product_cat":[60],"product_tag":[],"class_list":{"0":"post-12481","1":"product","2":"type-product","3":"status-publish","4":"has-post-thumbnail","6":"product_cat-parfumhomme","7":"desktop-align-center","8":"tablet-align-left","9":"mobile-align-center","11":"first","12":"instock","13":"shipping-taxable","14":"purchasable","15":"product-type-simple"},"uagb_featured_image_src":{"full":["https:\/\/masilaparfum.com\/wp-content\/uploads\/2026\/02\/o.2414.2-e1770826074243.jpg",655,523,false],"thumbnail":["https:\/\/masilaparfum.com\/wp-content\/uploads\/2026\/02\/o.2414.2-e1770826074243-150x150.jpg",150,150,true],"medium":["https:\/\/masilaparfum.com\/wp-content\/uploads\/2026\/02\/o.2414.2-e1770826074243-300x300.jpg",300,300,true],"medium_large":["https:\/\/masilaparfum.com\/wp-content\/uploads\/2026\/02\/o.2414.2-768x628.jpg",768,628,true],"large":["https:\/\/masilaparfum.com\/wp-content\/uploads\/2026\/02\/o.2414.2-1024x628.jpg",1024,628,true],"1536x1536":["https:\/\/masilaparfum.com\/wp-content\/uploads\/2026\/02\/o.2414.2-e1770826074243.jpg",655,523,false],"2048x2048":["https:\/\/masilaparfum.com\/wp-content\/uploads\/2026\/02\/o.2414.2-e1770826074243.jpg",655,523,false],"mailpoet_newsletter_max":["https:\/\/masilaparfum.com\/wp-content\/uploads\/2026\/02\/o.2414.2-e1770826074243.jpg",655,523,false],"woocommerce_thumbnail":["https:\/\/masilaparfum.com\/wp-content\/uploads\/2026\/02\/o.2414.2-e1770826074243-300x300.jpg",300,300,true],"woocommerce_single":["https:\/\/masilaparfum.com\/wp-content\/uploads\/2026\/02\/o.2414.2-e1770826074243-600x479.jpg",600,479,true],"woocommerce_gallery_thumbnail":["https:\/\/masilaparfum.com\/wp-content\/uploads\/2026\/02\/o.2414.2-e1770826074243-100x100.jpg",100,100,true],"wcpr-photo-reviews":["https:\/\/masilaparfum.com\/wp-content\/uploads\/2026\/02\/o.2414.2-e1770826074243.jpg",500,399,false]},"uagb_author_info":{"display_name":"masilaparfum","author_link":"https:\/\/masilaparfum.com\/index.php\/author\/"},"uagb_comment_info":0,"uagb_excerpt":"Wanted by Night\u00a0de\u00a0Azzaro est un parfum Bois\u00e9 \u00c9pic\u00e9 pour homme.\u00a0\u00a0 Les notes de t\u00eate sont Cannelle, Mandarine, Lavande et Citron; les notes de coeur sont Notes fruit\u00e9es, Encens, Cumin et Gen\u00e9vrier de Virginie; les notes de fond sont Tabac, Vanille, C\u00e8dre, Cuir, Benjoin, Iso E Super, Cypr\u00e8s et Patchouli.","_links":{"self":[{"href":"https:\/\/masilaparfum.com\/index.php\/wp-json\/wp\/v2\/product\/12481","targetHints":{"allow":["GET"]}}],"collection":[{"href":"https:\/\/masilaparfum.com\/index.php\/wp-json\/wp\/v2\/product"}],"about":[{"href":"https:\/\/masilaparfum.com\/index.php\/wp-json\/wp\/v2\/types\/product"}],"replies":[{"embeddable":true,"href":"https:\/\/masilaparfum.com\/index.php\/wp-json\/wp\/v2\/comments?post=12481"}],"wp:featuredmedia":[{"embeddable":true,"href":"https:\/\/masilaparfum.com\/index.php\/wp-json\/wp\/v2\/media\/12482"}],"wp:attachment":[{"href":"https:\/\/masilaparfum.com\/index.php\/wp-json\/wp\/v2\/media?parent=12481"}],"wp:term":[{"taxonomy":"product_cat","embeddable":true,"href":"https:\/\/masilaparfum.com\/index.php\/wp-json\/wp\/v2\/product_cat?post=12481"},{"taxonomy":"product_tag","embeddable":true,"href":"https:\/\/masilaparfum.com\/index.php\/wp-json\/wp\/v2\/product_tag?post=12481"}],"curies":[{"name":"wp","href":"https:\/\/api.w.org\/{rel}","templated":true}]}}