{"id":11820,"date":"2025-12-13T18:57:36","date_gmt":"2025-12-13T17:57:36","guid":{"rendered":"https:\/\/masilaparfum.com\/?post_type=product&#038;p=11820"},"modified":"2026-02-11T04:01:33","modified_gmt":"2026-02-11T03:01:33","slug":"amouage-guidance-100ml","status":"publish","type":"product","link":"https:\/\/masilaparfum.com\/index.php\/product\/amouage-guidance-100ml\/","title":{"rendered":"AMOUAGE Guidance -100ML"},"content":{"rendered":"<p style=\"text-align: center;\"><b>Guidance<\/b>\u00a0de\u00a0<b>Amouage<\/b>\u00a0est un parfum Floral fruit\u00e9 pour homme et femme.\u00a0<b>Guidance<\/b>\u00a0a \u00e9t\u00e9 lanc\u00e9 en 2023. Le nez derri\u00e8re ce parfum est Quentin Bisch. Les notes de t\u00eate sont Poire, Noisette et R\u00e9sine oliban; les notes de coeur sont Osmanthus, Rose, Safran et Jasmin Sambac; les notes de fond sont Bois de santal, Vanille, Bois d&rsquo;Akigala, Ambre gris et Ciste.<\/p>\n","protected":false},"excerpt":{"rendered":"<p>Guidance\u00a0de\u00a0Amouage\u00a0est un parfum Floral fruit\u00e9 pour homme et femme.\u00a0Guidance\u00a0a \u00e9t\u00e9 lanc\u00e9 en 2023. Le nez derri\u00e8re ce parfum est Quentin Bisch. Les notes de t\u00eate sont Poire, Noisette et R\u00e9sine oliban; les notes de coeur sont Osmanthus, Rose, Safran et Jasmin Sambac; les notes de fond sont Bois de santal, Vanille, Bois d&rsquo;Akigala, Ambre gris [&hellip;]<\/p>\n","protected":false},"featured_media":11821,"comment_status":"open","ping_status":"closed","template":"","meta":{"_uag_custom_page_level_css":"","site-sidebar-layout":"default","site-content-layout":"","ast-site-content-layout":"default","site-content-style":"default","site-sidebar-style":"default","ast-global-header-display":"","ast-banner-title-visibility":"","ast-main-header-display":"","ast-hfb-above-header-display":"","ast-hfb-below-header-display":"","ast-hfb-mobile-header-display":"","site-post-title":"","ast-breadcrumbs-content":"","ast-featured-img":"","footer-sml-layout":"","theme-transparent-header-meta":"default","adv-header-id-meta":"","stick-header-meta":"","header-above-stick-meta":"","header-main-stick-meta":"","header-below-stick-meta":"","astra-migrate-meta-layouts":"set","ast-page-background-enabled":"default","ast-page-background-meta":{"desktop":{"background-color":"","background-image":"","background-repeat":"repeat","background-position":"center center","background-size":"auto","background-attachment":"scroll","background-type":"","background-media":"","overlay-type":"","overlay-color":"","overlay-opacity":"","overlay-gradient":""},"tablet":{"background-color":"","background-image":"","background-repeat":"repeat","background-position":"center center","background-size":"auto","background-attachment":"scroll","background-type":"","background-media":"","overlay-type":"","overlay-color":"","overlay-opacity":"","overlay-gradient":""},"mobile":{"background-color":"","background-image":"","background-repeat":"repeat","background-position":"center center","background-size":"auto","background-attachment":"scroll","background-type":"","background-media":"","overlay-type":"","overlay-color":"","overlay-opacity":"","overlay-gradient":""}},"ast-content-background-meta":{"desktop":{"background-color":"var(--ast-global-color-5)","background-image":"","background-repeat":"repeat","background-position":"center center","background-size":"auto","background-attachment":"scroll","background-type":"","background-media":"","overlay-type":"","overlay-color":"","overlay-opacity":"","overlay-gradient":""},"tablet":{"background-color":"var(--ast-global-color-5)","background-image":"","background-repeat":"repeat","background-position":"center center","background-size":"auto","background-attachment":"scroll","background-type":"","background-media":"","overlay-type":"","overlay-color":"","overlay-opacity":"","overlay-gradient":""},"mobile":{"background-color":"var(--ast-global-color-5)","background-image":"","background-repeat":"repeat","background-position":"center center","background-size":"auto","background-attachment":"scroll","background-type":"","background-media":"","overlay-type":"","overlay-color":"","overlay-opacity":"","overlay-gradient":""}}},"product_cat":[59],"product_tag":[],"class_list":{"0":"post-11820","1":"product","2":"type-product","3":"status-publish","4":"has-post-thumbnail","6":"product_cat-parfumfemme","7":"desktop-align-center","8":"tablet-align-left","9":"mobile-align-center","11":"first","12":"instock","13":"shipping-taxable","14":"purchasable","15":"product-type-simple"},"uagb_featured_image_src":{"full":["https:\/\/masilaparfum.com\/wp-content\/uploads\/2025\/12\/amouage-guidance.jpg",500,404,false],"thumbnail":["https:\/\/masilaparfum.com\/wp-content\/uploads\/2025\/12\/amouage-guidance-150x150.jpg",150,150,true],"medium":["https:\/\/masilaparfum.com\/wp-content\/uploads\/2025\/12\/amouage-guidance-300x300.jpg",300,300,true],"medium_large":["https:\/\/masilaparfum.com\/wp-content\/uploads\/2025\/12\/amouage-guidance.jpg",500,404,false],"large":["https:\/\/masilaparfum.com\/wp-content\/uploads\/2025\/12\/amouage-guidance.jpg",500,404,false],"1536x1536":["https:\/\/masilaparfum.com\/wp-content\/uploads\/2025\/12\/amouage-guidance.jpg",500,404,false],"2048x2048":["https:\/\/masilaparfum.com\/wp-content\/uploads\/2025\/12\/amouage-guidance.jpg",500,404,false],"mailpoet_newsletter_max":["https:\/\/masilaparfum.com\/wp-content\/uploads\/2025\/12\/amouage-guidance.jpg",500,404,false],"woocommerce_thumbnail":["https:\/\/masilaparfum.com\/wp-content\/uploads\/2025\/12\/amouage-guidance-300x300.jpg",300,300,true],"woocommerce_single":["https:\/\/masilaparfum.com\/wp-content\/uploads\/2025\/12\/amouage-guidance.jpg",500,404,false],"woocommerce_gallery_thumbnail":["https:\/\/masilaparfum.com\/wp-content\/uploads\/2025\/12\/amouage-guidance-100x100.jpg",100,100,true],"wcpr-photo-reviews":["https:\/\/masilaparfum.com\/wp-content\/uploads\/2025\/12\/amouage-guidance.jpg",500,404,false]},"uagb_author_info":{"display_name":"masilaparfum","author_link":"https:\/\/masilaparfum.com\/index.php\/author\/"},"uagb_comment_info":1,"uagb_excerpt":"Guidance\u00a0de\u00a0Amouage\u00a0est un parfum Floral fruit\u00e9 pour homme et femme.\u00a0Guidance\u00a0a \u00e9t\u00e9 lanc\u00e9 en 2023. Le nez derri\u00e8re ce parfum est Quentin Bisch. Les notes de t\u00eate sont Poire, Noisette et R\u00e9sine oliban; les notes de coeur sont Osmanthus, Rose, Safran et Jasmin Sambac; les notes de fond sont Bois de santal, Vanille, Bois d&rsquo;Akigala, Ambre gris\u2026","_links":{"self":[{"href":"https:\/\/masilaparfum.com\/index.php\/wp-json\/wp\/v2\/product\/11820","targetHints":{"allow":["GET"]}}],"collection":[{"href":"https:\/\/masilaparfum.com\/index.php\/wp-json\/wp\/v2\/product"}],"about":[{"href":"https:\/\/masilaparfum.com\/index.php\/wp-json\/wp\/v2\/types\/product"}],"replies":[{"embeddable":true,"href":"https:\/\/masilaparfum.com\/index.php\/wp-json\/wp\/v2\/comments?post=11820"}],"wp:featuredmedia":[{"embeddable":true,"href":"https:\/\/masilaparfum.com\/index.php\/wp-json\/wp\/v2\/media\/11821"}],"wp:attachment":[{"href":"https:\/\/masilaparfum.com\/index.php\/wp-json\/wp\/v2\/media?parent=11820"}],"wp:term":[{"taxonomy":"product_cat","embeddable":true,"href":"https:\/\/masilaparfum.com\/index.php\/wp-json\/wp\/v2\/product_cat?post=11820"},{"taxonomy":"product_tag","embeddable":true,"href":"https:\/\/masilaparfum.com\/index.php\/wp-json\/wp\/v2\/product_tag?post=11820"}],"curies":[{"name":"wp","href":"https:\/\/api.w.org\/{rel}","templated":true}]}}