{"id":10699,"date":"2025-06-20T17:16:16","date_gmt":"2025-06-20T16:16:16","guid":{"rendered":"https:\/\/masilaparfum.com\/?post_type=product&#038;p=10699"},"modified":"2025-06-20T17:16:16","modified_gmt":"2025-06-20T16:16:16","slug":"dg-light-blue-pour-homme-summer-vibes-tester-100ml","status":"publish","type":"product","link":"https:\/\/masilaparfum.com\/index.php\/product\/dg-light-blue-pour-homme-summer-vibes-tester-100ml\/","title":{"rendered":"DG Light Blue Pour Homme Summer Vibes TESTER 100ML"},"content":{"rendered":"<p style=\"text-align: center;\"><b>DG Light Blue Pour Homme Summer Vibes<\/b><\/p>\n<p style=\"text-align: center;\">\u00a0un parfum Bois\u00e9 Aromatique pour homme. C&rsquo;est un nouveau parfum.\u00a0<b>Light Blue Pour Homme Summer Vibes<\/b>\u00a0a \u00e9t\u00e9 lanc\u00e9 en 2023. Le nez derri\u00e8re ce parfum est Alberto Morillas. La note de t\u00eate est Citron de Sicile; la note de coeur est Cypr\u00e8s; la note de fond est Amberwood.<\/p>\n","protected":false},"excerpt":{"rendered":"<p>DG Light Blue Pour Homme Summer Vibes \u00a0un parfum Bois\u00e9 Aromatique pour homme. C&rsquo;est un nouveau parfum.\u00a0Light Blue Pour Homme Summer Vibes\u00a0a \u00e9t\u00e9 lanc\u00e9 en 2023. Le nez derri\u00e8re ce parfum est Alberto Morillas. La note de t\u00eate est Citron de Sicile; la note de coeur est Cypr\u00e8s; la note de fond est Amberwood.<\/p>\n","protected":false},"featured_media":10700,"comment_status":"open","ping_status":"closed","template":"","meta":{"_uag_custom_page_level_css":"","site-sidebar-layout":"default","site-content-layout":"","ast-site-content-layout":"default","site-content-style":"default","site-sidebar-style":"default","ast-global-header-display":"","ast-banner-title-visibility":"","ast-main-header-display":"","ast-hfb-above-header-display":"","ast-hfb-below-header-display":"","ast-hfb-mobile-header-display":"","site-post-title":"","ast-breadcrumbs-content":"","ast-featured-img":"","footer-sml-layout":"","theme-transparent-header-meta":"default","adv-header-id-meta":"","stick-header-meta":"","header-above-stick-meta":"","header-main-stick-meta":"","header-below-stick-meta":"","astra-migrate-meta-layouts":"set","ast-page-background-enabled":"default","ast-page-background-meta":{"desktop":{"background-color":"","background-image":"","background-repeat":"repeat","background-position":"center center","background-size":"auto","background-attachment":"scroll","background-type":"","background-media":"","overlay-type":"","overlay-color":"","overlay-opacity":"","overlay-gradient":""},"tablet":{"background-color":"","background-image":"","background-repeat":"repeat","background-position":"center center","background-size":"auto","background-attachment":"scroll","background-type":"","background-media":"","overlay-type":"","overlay-color":"","overlay-opacity":"","overlay-gradient":""},"mobile":{"background-color":"","background-image":"","background-repeat":"repeat","background-position":"center center","background-size":"auto","background-attachment":"scroll","background-type":"","background-media":"","overlay-type":"","overlay-color":"","overlay-opacity":"","overlay-gradient":""}},"ast-content-background-meta":{"desktop":{"background-color":"var(--ast-global-color-5)","background-image":"","background-repeat":"repeat","background-position":"center center","background-size":"auto","background-attachment":"scroll","background-type":"","background-media":"","overlay-type":"","overlay-color":"","overlay-opacity":"","overlay-gradient":""},"tablet":{"background-color":"var(--ast-global-color-5)","background-image":"","background-repeat":"repeat","background-position":"center center","background-size":"auto","background-attachment":"scroll","background-type":"","background-media":"","overlay-type":"","overlay-color":"","overlay-opacity":"","overlay-gradient":""},"mobile":{"background-color":"var(--ast-global-color-5)","background-image":"","background-repeat":"repeat","background-position":"center center","background-size":"auto","background-attachment":"scroll","background-type":"","background-media":"","overlay-type":"","overlay-color":"","overlay-opacity":"","overlay-gradient":""}}},"product_cat":[60],"product_tag":[],"class_list":{"0":"post-10699","1":"product","2":"type-product","3":"status-publish","4":"has-post-thumbnail","6":"product_cat-parfumhomme","7":"desktop-align-center","8":"tablet-align-left","9":"mobile-align-center","11":"first","12":"instock","13":"shipping-taxable","14":"purchasable","15":"product-type-simple"},"uagb_featured_image_src":{"full":["https:\/\/masilaparfum.com\/wp-content\/uploads\/2025\/06\/dolce-gabbana_8057971183579_v1.jpg",700,700,false],"thumbnail":["https:\/\/masilaparfum.com\/wp-content\/uploads\/2025\/06\/dolce-gabbana_8057971183579_v1-150x150.jpg",150,150,true],"medium":["https:\/\/masilaparfum.com\/wp-content\/uploads\/2025\/06\/dolce-gabbana_8057971183579_v1-300x300.jpg",300,300,true],"medium_large":["https:\/\/masilaparfum.com\/wp-content\/uploads\/2025\/06\/dolce-gabbana_8057971183579_v1.jpg",700,700,false],"large":["https:\/\/masilaparfum.com\/wp-content\/uploads\/2025\/06\/dolce-gabbana_8057971183579_v1.jpg",700,700,false],"1536x1536":["https:\/\/masilaparfum.com\/wp-content\/uploads\/2025\/06\/dolce-gabbana_8057971183579_v1.jpg",700,700,false],"2048x2048":["https:\/\/masilaparfum.com\/wp-content\/uploads\/2025\/06\/dolce-gabbana_8057971183579_v1.jpg",700,700,false],"mailpoet_newsletter_max":["https:\/\/masilaparfum.com\/wp-content\/uploads\/2025\/06\/dolce-gabbana_8057971183579_v1.jpg",700,700,false],"woocommerce_thumbnail":["https:\/\/masilaparfum.com\/wp-content\/uploads\/2025\/06\/dolce-gabbana_8057971183579_v1-300x300.jpg",300,300,true],"woocommerce_single":["https:\/\/masilaparfum.com\/wp-content\/uploads\/2025\/06\/dolce-gabbana_8057971183579_v1-600x600.jpg",600,600,true],"woocommerce_gallery_thumbnail":["https:\/\/masilaparfum.com\/wp-content\/uploads\/2025\/06\/dolce-gabbana_8057971183579_v1-100x100.jpg",100,100,true],"wcpr-photo-reviews":["https:\/\/masilaparfum.com\/wp-content\/uploads\/2025\/06\/dolce-gabbana_8057971183579_v1.jpg",500,500,false]},"uagb_author_info":{"display_name":"masilaparfum","author_link":"https:\/\/masilaparfum.com\/index.php\/author\/"},"uagb_comment_info":0,"uagb_excerpt":"DG Light Blue Pour Homme Summer Vibes \u00a0un parfum Bois\u00e9 Aromatique pour homme. C&rsquo;est un nouveau parfum.\u00a0Light Blue Pour Homme Summer Vibes\u00a0a \u00e9t\u00e9 lanc\u00e9 en 2023. Le nez derri\u00e8re ce parfum est Alberto Morillas. La note de t\u00eate est Citron de Sicile; la note de coeur est Cypr\u00e8s; la note de fond est Amberwood.","_links":{"self":[{"href":"https:\/\/masilaparfum.com\/index.php\/wp-json\/wp\/v2\/product\/10699","targetHints":{"allow":["GET"]}}],"collection":[{"href":"https:\/\/masilaparfum.com\/index.php\/wp-json\/wp\/v2\/product"}],"about":[{"href":"https:\/\/masilaparfum.com\/index.php\/wp-json\/wp\/v2\/types\/product"}],"replies":[{"embeddable":true,"href":"https:\/\/masilaparfum.com\/index.php\/wp-json\/wp\/v2\/comments?post=10699"}],"wp:featuredmedia":[{"embeddable":true,"href":"https:\/\/masilaparfum.com\/index.php\/wp-json\/wp\/v2\/media\/10700"}],"wp:attachment":[{"href":"https:\/\/masilaparfum.com\/index.php\/wp-json\/wp\/v2\/media?parent=10699"}],"wp:term":[{"taxonomy":"product_cat","embeddable":true,"href":"https:\/\/masilaparfum.com\/index.php\/wp-json\/wp\/v2\/product_cat?post=10699"},{"taxonomy":"product_tag","embeddable":true,"href":"https:\/\/masilaparfum.com\/index.php\/wp-json\/wp\/v2\/product_tag?post=10699"}],"curies":[{"name":"wp","href":"https:\/\/api.w.org\/{rel}","templated":true}]}}