{"id":10327,"date":"2025-05-26T18:49:21","date_gmt":"2025-05-26T17:49:21","guid":{"rendered":"https:\/\/masilaparfum.com\/?post_type=product&#038;p=10327"},"modified":"2025-10-09T20:56:03","modified_gmt":"2025-10-09T19:56:03","slug":"lvmatiere-noire-pour-femme-100ml","status":"publish","type":"product","link":"https:\/\/masilaparfum.com\/index.php\/product\/lvmatiere-noire-pour-femme-100ml\/","title":{"rendered":"Louis Vuitton Mati\u00e8re Noire pour femme ( Tester ) 100ml"},"content":{"rendered":"<p style=\"text-align: center\"><em><b>Mati\u00e8re Noire<\/b>\u00a0de\u00a0<b>Louis Vuitton<\/b><\/em><\/p>\n<p style=\"text-align: center\"><em>\u00a0un parfum Orientale bois\u00e9 pour femme.\u00a0<b>Mati\u00e8re Noire<\/b>\u00a0a \u00e9t\u00e9 lanc\u00e9 en 2016. Le nez derri\u00e8re ce parfum est Jacques Cavallier Belletrud. Les notes de t\u00eate sont Sirop de cassis et Notes aquatiques; les notes de coeur sont Rose, Cyclamen, Narcissus et Jasmin Sambac; les notes de fond sont Oud, Patchouli, Encens et Benjoin.<\/em><\/p>\n","protected":false},"excerpt":{"rendered":"<p>Mati\u00e8re Noire\u00a0de\u00a0Louis Vuitton \u00a0un parfum Orientale bois\u00e9 pour femme.\u00a0Mati\u00e8re Noire\u00a0a \u00e9t\u00e9 lanc\u00e9 en 2016. Le nez derri\u00e8re ce parfum est Jacques Cavallier Belletrud. Les notes de t\u00eate sont Sirop de cassis et Notes aquatiques; les notes de coeur sont Rose, Cyclamen, Narcissus et Jasmin Sambac; les notes de fond sont Oud, Patchouli, Encens et Benjoin.<\/p>\n","protected":false},"featured_media":10328,"comment_status":"open","ping_status":"closed","template":"","meta":{"_uag_custom_page_level_css":"","site-sidebar-layout":"default","site-content-layout":"","ast-site-content-layout":"default","site-content-style":"default","site-sidebar-style":"default","ast-global-header-display":"","ast-banner-title-visibility":"","ast-main-header-display":"","ast-hfb-above-header-display":"","ast-hfb-below-header-display":"","ast-hfb-mobile-header-display":"","site-post-title":"","ast-breadcrumbs-content":"","ast-featured-img":"","footer-sml-layout":"","theme-transparent-header-meta":"default","adv-header-id-meta":"","stick-header-meta":"","header-above-stick-meta":"","header-main-stick-meta":"","header-below-stick-meta":"","astra-migrate-meta-layouts":"set","ast-page-background-enabled":"default","ast-page-background-meta":{"desktop":{"background-color":"","background-image":"","background-repeat":"repeat","background-position":"center center","background-size":"auto","background-attachment":"scroll","background-type":"","background-media":"","overlay-type":"","overlay-color":"","overlay-opacity":"","overlay-gradient":""},"tablet":{"background-color":"","background-image":"","background-repeat":"repeat","background-position":"center center","background-size":"auto","background-attachment":"scroll","background-type":"","background-media":"","overlay-type":"","overlay-color":"","overlay-opacity":"","overlay-gradient":""},"mobile":{"background-color":"","background-image":"","background-repeat":"repeat","background-position":"center center","background-size":"auto","background-attachment":"scroll","background-type":"","background-media":"","overlay-type":"","overlay-color":"","overlay-opacity":"","overlay-gradient":""}},"ast-content-background-meta":{"desktop":{"background-color":"var(--ast-global-color-5)","background-image":"","background-repeat":"repeat","background-position":"center center","background-size":"auto","background-attachment":"scroll","background-type":"","background-media":"","overlay-type":"","overlay-color":"","overlay-opacity":"","overlay-gradient":""},"tablet":{"background-color":"var(--ast-global-color-5)","background-image":"","background-repeat":"repeat","background-position":"center center","background-size":"auto","background-attachment":"scroll","background-type":"","background-media":"","overlay-type":"","overlay-color":"","overlay-opacity":"","overlay-gradient":""},"mobile":{"background-color":"var(--ast-global-color-5)","background-image":"","background-repeat":"repeat","background-position":"center center","background-size":"auto","background-attachment":"scroll","background-type":"","background-media":"","overlay-type":"","overlay-color":"","overlay-opacity":"","overlay-gradient":""}}},"product_cat":[59],"product_tag":[],"class_list":{"0":"post-10327","1":"product","2":"type-product","3":"status-publish","4":"has-post-thumbnail","6":"product_cat-parfumfemme","7":"desktop-align-center","8":"tablet-align-left","9":"mobile-align-center","11":"first","12":"instock","13":"shipping-taxable","14":"purchasable","15":"product-type-simple"},"uagb_featured_image_src":{"full":["https:\/\/masilaparfum.com\/wp-content\/uploads\/2025\/05\/matiere-noire-louis-vuitton.jpg",500,500,false],"thumbnail":["https:\/\/masilaparfum.com\/wp-content\/uploads\/2025\/05\/matiere-noire-louis-vuitton-150x150.jpg",150,150,true],"medium":["https:\/\/masilaparfum.com\/wp-content\/uploads\/2025\/05\/matiere-noire-louis-vuitton-300x300.jpg",300,300,true],"medium_large":["https:\/\/masilaparfum.com\/wp-content\/uploads\/2025\/05\/matiere-noire-louis-vuitton.jpg",500,500,false],"large":["https:\/\/masilaparfum.com\/wp-content\/uploads\/2025\/05\/matiere-noire-louis-vuitton.jpg",500,500,false],"1536x1536":["https:\/\/masilaparfum.com\/wp-content\/uploads\/2025\/05\/matiere-noire-louis-vuitton.jpg",500,500,false],"2048x2048":["https:\/\/masilaparfum.com\/wp-content\/uploads\/2025\/05\/matiere-noire-louis-vuitton.jpg",500,500,false],"mailpoet_newsletter_max":["https:\/\/masilaparfum.com\/wp-content\/uploads\/2025\/05\/matiere-noire-louis-vuitton.jpg",500,500,false],"woocommerce_thumbnail":["https:\/\/masilaparfum.com\/wp-content\/uploads\/2025\/05\/matiere-noire-louis-vuitton-300x300.jpg",300,300,true],"woocommerce_single":["https:\/\/masilaparfum.com\/wp-content\/uploads\/2025\/05\/matiere-noire-louis-vuitton.jpg",500,500,false],"woocommerce_gallery_thumbnail":["https:\/\/masilaparfum.com\/wp-content\/uploads\/2025\/05\/matiere-noire-louis-vuitton-100x100.jpg",100,100,true],"wcpr-photo-reviews":["https:\/\/masilaparfum.com\/wp-content\/uploads\/2025\/05\/matiere-noire-louis-vuitton.jpg",500,500,false]},"uagb_author_info":{"display_name":"masilaparfum","author_link":"https:\/\/masilaparfum.com\/index.php\/author\/"},"uagb_comment_info":0,"uagb_excerpt":"Mati\u00e8re Noire\u00a0de\u00a0Louis Vuitton \u00a0un parfum Orientale bois\u00e9 pour femme.\u00a0Mati\u00e8re Noire\u00a0a \u00e9t\u00e9 lanc\u00e9 en 2016. Le nez derri\u00e8re ce parfum est Jacques Cavallier Belletrud. Les notes de t\u00eate sont Sirop de cassis et Notes aquatiques; les notes de coeur sont Rose, Cyclamen, Narcissus et Jasmin Sambac; les notes de fond sont Oud, Patchouli, Encens et Benjoin.","_links":{"self":[{"href":"https:\/\/masilaparfum.com\/index.php\/wp-json\/wp\/v2\/product\/10327","targetHints":{"allow":["GET"]}}],"collection":[{"href":"https:\/\/masilaparfum.com\/index.php\/wp-json\/wp\/v2\/product"}],"about":[{"href":"https:\/\/masilaparfum.com\/index.php\/wp-json\/wp\/v2\/types\/product"}],"replies":[{"embeddable":true,"href":"https:\/\/masilaparfum.com\/index.php\/wp-json\/wp\/v2\/comments?post=10327"}],"wp:featuredmedia":[{"embeddable":true,"href":"https:\/\/masilaparfum.com\/index.php\/wp-json\/wp\/v2\/media\/10328"}],"wp:attachment":[{"href":"https:\/\/masilaparfum.com\/index.php\/wp-json\/wp\/v2\/media?parent=10327"}],"wp:term":[{"taxonomy":"product_cat","embeddable":true,"href":"https:\/\/masilaparfum.com\/index.php\/wp-json\/wp\/v2\/product_cat?post=10327"},{"taxonomy":"product_tag","embeddable":true,"href":"https:\/\/masilaparfum.com\/index.php\/wp-json\/wp\/v2\/product_tag?post=10327"}],"curies":[{"name":"wp","href":"https:\/\/api.w.org\/{rel}","templated":true}]}}