{"id":10322,"date":"2025-05-26T18:43:47","date_gmt":"2025-05-26T17:43:47","guid":{"rendered":"https:\/\/masilaparfum.com\/?post_type=product&#038;p=10322"},"modified":"2026-02-21T04:49:42","modified_gmt":"2026-02-21T04:49:42","slug":"labellejpg","status":"publish","type":"product","link":"https:\/\/masilaparfum.com\/index.php\/product\/labellejpg\/","title":{"rendered":"JPG La Belle Le Parfum 100ml"},"content":{"rendered":"<p style=\"text-align: center\"><em><b>La Belle Le Parfum<\/b>\u00a0de\u00a0<b>JPG<\/b><\/em><\/p>\n<p style=\"text-align: center\"><em>\u00a0un parfum Orientale Vanill\u00e9 pour femme.\u00a0<b>La Belle Le Parfum<\/b>\u00a0a \u00e9t\u00e9 lanc\u00e9 en 2021. La Belle Le Parfum a \u00e9t\u00e9 cr\u00e9\u00e9 par Quentin Bisch et Sonia Constant. La note de t\u00eate est Poire; les notes de coeur sont F\u00e8ve de tonka et Jasmin; la note de fond est Vanille.<\/em><\/p>\n","protected":false},"excerpt":{"rendered":"<p>La Belle Le Parfum\u00a0de\u00a0JPG \u00a0un parfum Orientale Vanill\u00e9 pour femme.\u00a0La Belle Le Parfum\u00a0a \u00e9t\u00e9 lanc\u00e9 en 2021. La Belle Le Parfum a \u00e9t\u00e9 cr\u00e9\u00e9 par Quentin Bisch et Sonia Constant. La note de t\u00eate est Poire; les notes de coeur sont F\u00e8ve de tonka et Jasmin; la note de fond est Vanille.<\/p>\n","protected":false},"featured_media":10320,"comment_status":"open","ping_status":"closed","template":"","meta":{"_uag_custom_page_level_css":"","site-sidebar-layout":"default","site-content-layout":"","ast-site-content-layout":"default","site-content-style":"default","site-sidebar-style":"default","ast-global-header-display":"","ast-banner-title-visibility":"","ast-main-header-display":"","ast-hfb-above-header-display":"","ast-hfb-below-header-display":"","ast-hfb-mobile-header-display":"","site-post-title":"","ast-breadcrumbs-content":"","ast-featured-img":"","footer-sml-layout":"","theme-transparent-header-meta":"default","adv-header-id-meta":"","stick-header-meta":"","header-above-stick-meta":"","header-main-stick-meta":"","header-below-stick-meta":"","astra-migrate-meta-layouts":"set","ast-page-background-enabled":"default","ast-page-background-meta":{"desktop":{"background-color":"","background-image":"","background-repeat":"repeat","background-position":"center center","background-size":"auto","background-attachment":"scroll","background-type":"","background-media":"","overlay-type":"","overlay-color":"","overlay-opacity":"","overlay-gradient":""},"tablet":{"background-color":"","background-image":"","background-repeat":"repeat","background-position":"center center","background-size":"auto","background-attachment":"scroll","background-type":"","background-media":"","overlay-type":"","overlay-color":"","overlay-opacity":"","overlay-gradient":""},"mobile":{"background-color":"","background-image":"","background-repeat":"repeat","background-position":"center center","background-size":"auto","background-attachment":"scroll","background-type":"","background-media":"","overlay-type":"","overlay-color":"","overlay-opacity":"","overlay-gradient":""}},"ast-content-background-meta":{"desktop":{"background-color":"var(--ast-global-color-5)","background-image":"","background-repeat":"repeat","background-position":"center center","background-size":"auto","background-attachment":"scroll","background-type":"","background-media":"","overlay-type":"","overlay-color":"","overlay-opacity":"","overlay-gradient":""},"tablet":{"background-color":"var(--ast-global-color-5)","background-image":"","background-repeat":"repeat","background-position":"center center","background-size":"auto","background-attachment":"scroll","background-type":"","background-media":"","overlay-type":"","overlay-color":"","overlay-opacity":"","overlay-gradient":""},"mobile":{"background-color":"var(--ast-global-color-5)","background-image":"","background-repeat":"repeat","background-position":"center center","background-size":"auto","background-attachment":"scroll","background-type":"","background-media":"","overlay-type":"","overlay-color":"","overlay-opacity":"","overlay-gradient":""}}},"product_cat":[59],"product_tag":[],"class_list":{"0":"post-10322","1":"product","2":"type-product","3":"status-publish","4":"has-post-thumbnail","6":"product_cat-parfumfemme","7":"desktop-align-center","8":"tablet-align-left","9":"mobile-align-center","11":"first","12":"instock","13":"shipping-taxable","14":"purchasable","15":"product-type-simple"},"uagb_featured_image_src":{"full":["https:\/\/masilaparfum.com\/wp-content\/uploads\/2025\/05\/jean-paul-gaultier-la-belle-le-parfum.jpg",800,800,false],"thumbnail":["https:\/\/masilaparfum.com\/wp-content\/uploads\/2025\/05\/jean-paul-gaultier-la-belle-le-parfum-150x150.jpg",150,150,true],"medium":["https:\/\/masilaparfum.com\/wp-content\/uploads\/2025\/05\/jean-paul-gaultier-la-belle-le-parfum-300x300.jpg",300,300,true],"medium_large":["https:\/\/masilaparfum.com\/wp-content\/uploads\/2025\/05\/jean-paul-gaultier-la-belle-le-parfum-768x768.jpg",768,768,true],"large":["https:\/\/masilaparfum.com\/wp-content\/uploads\/2025\/05\/jean-paul-gaultier-la-belle-le-parfum.jpg",800,800,false],"1536x1536":["https:\/\/masilaparfum.com\/wp-content\/uploads\/2025\/05\/jean-paul-gaultier-la-belle-le-parfum.jpg",800,800,false],"2048x2048":["https:\/\/masilaparfum.com\/wp-content\/uploads\/2025\/05\/jean-paul-gaultier-la-belle-le-parfum.jpg",800,800,false],"mailpoet_newsletter_max":["https:\/\/masilaparfum.com\/wp-content\/uploads\/2025\/05\/jean-paul-gaultier-la-belle-le-parfum.jpg",800,800,false],"woocommerce_thumbnail":["https:\/\/masilaparfum.com\/wp-content\/uploads\/2025\/05\/jean-paul-gaultier-la-belle-le-parfum-300x300.jpg",300,300,true],"woocommerce_single":["https:\/\/masilaparfum.com\/wp-content\/uploads\/2025\/05\/jean-paul-gaultier-la-belle-le-parfum-600x600.jpg",600,600,true],"woocommerce_gallery_thumbnail":["https:\/\/masilaparfum.com\/wp-content\/uploads\/2025\/05\/jean-paul-gaultier-la-belle-le-parfum-100x100.jpg",100,100,true],"wcpr-photo-reviews":["https:\/\/masilaparfum.com\/wp-content\/uploads\/2025\/05\/jean-paul-gaultier-la-belle-le-parfum.jpg",500,500,false]},"uagb_author_info":{"display_name":"masilaparfum","author_link":"https:\/\/masilaparfum.com\/index.php\/author\/"},"uagb_comment_info":0,"uagb_excerpt":"La Belle Le Parfum\u00a0de\u00a0JPG \u00a0un parfum Orientale Vanill\u00e9 pour femme.\u00a0La Belle Le Parfum\u00a0a \u00e9t\u00e9 lanc\u00e9 en 2021. La Belle Le Parfum a \u00e9t\u00e9 cr\u00e9\u00e9 par Quentin Bisch et Sonia Constant. La note de t\u00eate est Poire; les notes de coeur sont F\u00e8ve de tonka et Jasmin; la note de fond est Vanille.","_links":{"self":[{"href":"https:\/\/masilaparfum.com\/index.php\/wp-json\/wp\/v2\/product\/10322","targetHints":{"allow":["GET"]}}],"collection":[{"href":"https:\/\/masilaparfum.com\/index.php\/wp-json\/wp\/v2\/product"}],"about":[{"href":"https:\/\/masilaparfum.com\/index.php\/wp-json\/wp\/v2\/types\/product"}],"replies":[{"embeddable":true,"href":"https:\/\/masilaparfum.com\/index.php\/wp-json\/wp\/v2\/comments?post=10322"}],"wp:featuredmedia":[{"embeddable":true,"href":"https:\/\/masilaparfum.com\/index.php\/wp-json\/wp\/v2\/media\/10320"}],"wp:attachment":[{"href":"https:\/\/masilaparfum.com\/index.php\/wp-json\/wp\/v2\/media?parent=10322"}],"wp:term":[{"taxonomy":"product_cat","embeddable":true,"href":"https:\/\/masilaparfum.com\/index.php\/wp-json\/wp\/v2\/product_cat?post=10322"},{"taxonomy":"product_tag","embeddable":true,"href":"https:\/\/masilaparfum.com\/index.php\/wp-json\/wp\/v2\/product_tag?post=10322"}],"curies":[{"name":"wp","href":"https:\/\/api.w.org\/{rel}","templated":true}]}}