{"id":10212,"date":"2025-05-16T15:41:51","date_gmt":"2025-05-16T14:41:51","guid":{"rendered":"https:\/\/masilaparfum.com\/?post_type=product&#038;p=10212"},"modified":"2025-09-29T00:13:54","modified_gmt":"2025-09-28T23:13:54","slug":"gucci-flora-gorgeous-orchid-100ml","status":"publish","type":"product","link":"https:\/\/masilaparfum.com\/index.php\/product\/gucci-flora-gorgeous-orchid-100ml\/","title":{"rendered":"Gucci Flora Gorgeous Orchid 100ml"},"content":{"rendered":"<p style=\"text-align: center\"><em><b>Flora Gorgeous Orchid<\/b>\u00a0de\u00a0<b>Gucci<\/b><\/em><\/p>\n<p style=\"text-align: center\"><em>\u00a0un parfum Floral Fruit\u00e9 Gourmand pour femme. C&rsquo;est un nouveau parfum.\u00a0<b>Flora Gorgeous Orchid<\/b>\u00a0a \u00e9t\u00e9 lanc\u00e9 en 2024. Le nez derri\u00e8re ce parfum est Marie Salamagne. La note de t\u00eate est Vanille; la note de coeur est Orchid\u00e9e vanilla; la note de fond est Notes d&rsquo;ozone.<\/em><\/p>\n","protected":false},"excerpt":{"rendered":"<p>Flora Gorgeous Orchid\u00a0de\u00a0Gucci \u00a0un parfum Floral Fruit\u00e9 Gourmand pour femme. C&rsquo;est un nouveau parfum.\u00a0Flora Gorgeous Orchid\u00a0a \u00e9t\u00e9 lanc\u00e9 en 2024. Le nez derri\u00e8re ce parfum est Marie Salamagne. La note de t\u00eate est Vanille; la note de coeur est Orchid\u00e9e vanilla; la note de fond est Notes d&rsquo;ozone.<\/p>\n","protected":false},"featured_media":10213,"comment_status":"open","ping_status":"closed","template":"","meta":{"_uag_custom_page_level_css":"","site-sidebar-layout":"default","site-content-layout":"","ast-site-content-layout":"","site-content-style":"default","site-sidebar-style":"default","ast-global-header-display":"","ast-banner-title-visibility":"","ast-main-header-display":"","ast-hfb-above-header-display":"","ast-hfb-below-header-display":"","ast-hfb-mobile-header-display":"","site-post-title":"","ast-breadcrumbs-content":"","ast-featured-img":"","footer-sml-layout":"","theme-transparent-header-meta":"","adv-header-id-meta":"","stick-header-meta":"","header-above-stick-meta":"","header-main-stick-meta":"","header-below-stick-meta":"","astra-migrate-meta-layouts":"default","ast-page-background-enabled":"default","ast-page-background-meta":{"desktop":{"background-color":"","background-image":"","background-repeat":"repeat","background-position":"center center","background-size":"auto","background-attachment":"scroll","background-type":"","background-media":"","overlay-type":"","overlay-color":"","overlay-opacity":"","overlay-gradient":""},"tablet":{"background-color":"","background-image":"","background-repeat":"repeat","background-position":"center center","background-size":"auto","background-attachment":"scroll","background-type":"","background-media":"","overlay-type":"","overlay-color":"","overlay-opacity":"","overlay-gradient":""},"mobile":{"background-color":"","background-image":"","background-repeat":"repeat","background-position":"center center","background-size":"auto","background-attachment":"scroll","background-type":"","background-media":"","overlay-type":"","overlay-color":"","overlay-opacity":"","overlay-gradient":""}},"ast-content-background-meta":{"desktop":{"background-color":"var(--ast-global-color-5)","background-image":"","background-repeat":"repeat","background-position":"center center","background-size":"auto","background-attachment":"scroll","background-type":"","background-media":"","overlay-type":"","overlay-color":"","overlay-opacity":"","overlay-gradient":""},"tablet":{"background-color":"var(--ast-global-color-5)","background-image":"","background-repeat":"repeat","background-position":"center center","background-size":"auto","background-attachment":"scroll","background-type":"","background-media":"","overlay-type":"","overlay-color":"","overlay-opacity":"","overlay-gradient":""},"mobile":{"background-color":"var(--ast-global-color-5)","background-image":"","background-repeat":"repeat","background-position":"center center","background-size":"auto","background-attachment":"scroll","background-type":"","background-media":"","overlay-type":"","overlay-color":"","overlay-opacity":"","overlay-gradient":""}}},"product_cat":[59],"product_tag":[],"class_list":{"0":"post-10212","1":"product","2":"type-product","3":"status-publish","4":"has-post-thumbnail","6":"product_cat-parfumfemme","7":"desktop-align-center","8":"tablet-align-left","9":"mobile-align-center","11":"first","12":"instock","13":"shipping-taxable","14":"purchasable","15":"product-type-simple"},"uagb_featured_image_src":{"full":["https:\/\/masilaparfum.com\/wp-content\/uploads\/2025\/05\/photo_5949489407268602528_y.jpg",1023,1280,false],"thumbnail":["https:\/\/masilaparfum.com\/wp-content\/uploads\/2025\/05\/photo_5949489407268602528_y-150x150.jpg",150,150,true],"medium":["https:\/\/masilaparfum.com\/wp-content\/uploads\/2025\/05\/photo_5949489407268602528_y-300x300.jpg",300,300,true],"medium_large":["https:\/\/masilaparfum.com\/wp-content\/uploads\/2025\/05\/photo_5949489407268602528_y-768x768.jpg",768,768,true],"large":["https:\/\/masilaparfum.com\/wp-content\/uploads\/2025\/05\/photo_5949489407268602528_y-1023x1024.jpg",1023,1024,true],"1536x1536":["https:\/\/masilaparfum.com\/wp-content\/uploads\/2025\/05\/photo_5949489407268602528_y.jpg",1023,1280,false],"2048x2048":["https:\/\/masilaparfum.com\/wp-content\/uploads\/2025\/05\/photo_5949489407268602528_y.jpg",1023,1280,false],"mailpoet_newsletter_max":["https:\/\/masilaparfum.com\/wp-content\/uploads\/2025\/05\/photo_5949489407268602528_y.jpg",1023,1280,false],"woocommerce_thumbnail":["https:\/\/masilaparfum.com\/wp-content\/uploads\/2025\/05\/photo_5949489407268602528_y-300x300.jpg",300,300,true],"woocommerce_single":["https:\/\/masilaparfum.com\/wp-content\/uploads\/2025\/05\/photo_5949489407268602528_y-600x751.jpg",600,751,true],"woocommerce_gallery_thumbnail":["https:\/\/masilaparfum.com\/wp-content\/uploads\/2025\/05\/photo_5949489407268602528_y-100x100.jpg",100,100,true],"wcpr-photo-reviews":["https:\/\/masilaparfum.com\/wp-content\/uploads\/2025\/05\/photo_5949489407268602528_y.jpg",400,500,false]},"uagb_author_info":{"display_name":"masilaparfum","author_link":"https:\/\/masilaparfum.com\/index.php\/author\/"},"uagb_comment_info":0,"uagb_excerpt":"Flora Gorgeous Orchid\u00a0de\u00a0Gucci \u00a0un parfum Floral Fruit\u00e9 Gourmand pour femme. C&rsquo;est un nouveau parfum.\u00a0Flora Gorgeous Orchid\u00a0a \u00e9t\u00e9 lanc\u00e9 en 2024. Le nez derri\u00e8re ce parfum est Marie Salamagne. La note de t\u00eate est Vanille; la note de coeur est Orchid\u00e9e vanilla; la note de fond est Notes d&rsquo;ozone.","_links":{"self":[{"href":"https:\/\/masilaparfum.com\/index.php\/wp-json\/wp\/v2\/product\/10212","targetHints":{"allow":["GET"]}}],"collection":[{"href":"https:\/\/masilaparfum.com\/index.php\/wp-json\/wp\/v2\/product"}],"about":[{"href":"https:\/\/masilaparfum.com\/index.php\/wp-json\/wp\/v2\/types\/product"}],"replies":[{"embeddable":true,"href":"https:\/\/masilaparfum.com\/index.php\/wp-json\/wp\/v2\/comments?post=10212"}],"wp:featuredmedia":[{"embeddable":true,"href":"https:\/\/masilaparfum.com\/index.php\/wp-json\/wp\/v2\/media\/10213"}],"wp:attachment":[{"href":"https:\/\/masilaparfum.com\/index.php\/wp-json\/wp\/v2\/media?parent=10212"}],"wp:term":[{"taxonomy":"product_cat","embeddable":true,"href":"https:\/\/masilaparfum.com\/index.php\/wp-json\/wp\/v2\/product_cat?post=10212"},{"taxonomy":"product_tag","embeddable":true,"href":"https:\/\/masilaparfum.com\/index.php\/wp-json\/wp\/v2\/product_tag?post=10212"}],"curies":[{"name":"wp","href":"https:\/\/api.w.org\/{rel}","templated":true}]}}